{"id":1460,"date":"2019-08-25T11:42:58","date_gmt":"2019-08-25T11:42:58","guid":{"rendered":"http:\/\/www.feuerwehrverband-saarbruecken.de\/?page_id=1460"},"modified":"2025-05-01T06:40:12","modified_gmt":"2025-05-01T04:40:12","slug":"erste-hilfe-lehrgang","status":"publish","type":"page","link":"https:\/\/www.feuerwehrverband-saarbruecken.de\/?page_id=1460","title":{"rendered":"Freie Pl\u00e4tze f\u00fcr den Erste Hilfe Lehrgang f\u00fcr das Jahr 2020"},"content":{"rendered":"\n<table id=\"tablepress-16\" class=\"tablepress tablepress-id-16\" aria-describedby=\"tablepress-16-description\">\n<thead>\n<tr class=\"row-1\">\n\t<th class=\"column-1\">Lehrgangsort<\/th><th class=\"column-2\">Lehrgangsart<\/th><th class=\"column-3\">Lehrgangsbeginn<\/th><th class=\"column-4\">Anmeldeschluss<\/th><th class=\"column-5\">Verf\u00fcgbare<br \/>\n Pl\u00e4tze<\/th><th class=\"column-6\">noch freie Pl\u00e4tze<\/th><th class=\"column-7\">Bemerkung<\/th>\n<\/tr>\n<\/thead>\n<tbody class=\"row-striping row-hover\">\n<tr class=\"row-2\">\n\t<td class=\"column-1\">Feuerwehr Brebach<\/td><td class=\"column-2\"><\/td><td class=\"column-3\"><\/td><td class=\"column-4\"><\/td><td class=\"column-5\">15<\/td><td class=\"column-6\"><\/td><td class=\"column-7\"><\/td>\n<\/tr>\n<tr class=\"row-3\">\n\t<td class=\"column-1\">Feuerwehr Brebach<\/td><td class=\"column-2\"><\/td><td class=\"column-3\"><\/td><td class=\"column-4\"><\/td><td class=\"column-5\">15<\/td><td class=\"column-6\"><\/td><td class=\"column-7\"><\/td>\n<\/tr>\n<tr class=\"row-4\">\n\t<td class=\"column-1\">Feuerwehr Brebach<\/td><td class=\"column-2\"><\/td><td class=\"column-3\"><\/td><td class=\"column-4\"><\/td><td class=\"column-5\">15<\/td><td class=\"column-6\"><\/td><td class=\"column-7\"><\/td>\n<\/tr>\n<tr class=\"row-5\">\n\t<td class=\"column-1\">Feuerwehr Brebach<\/td><td class=\"column-2\"><\/td><td class=\"column-3\"><\/td><td class=\"column-4\"><\/td><td class=\"column-5\">15<\/td><td class=\"column-6\"><\/td><td class=\"column-7\"><\/td>\n<\/tr>\n<\/tbody>\n<\/table>\n<span id=\"tablepress-16-description\" class=\"tablepress-table-description tablepress-table-description-id-16\"><\/span>\n<!-- #tablepress-16 from cache -->\n\n\n\n<p>&nbsp;<strong>Hinweis:<\/strong><\/p>\n\n\n\n<p><strong>Es werden auch f\u00fcr die Truppf\u00fchrer-Ausbildung ein Erg\u00e4nzugslehrgang angeboten mit 7 Stunden zur Erf\u00fcllung der Vorgabe nach FwDV 2 Thema Feuerwehrtechnische&nbsp;Ausbildung EH Kosten pro TN 20.- \u20ac<\/strong><\/p>\n\n\n\n<p>Das Anmeldeformular kann auf der Internetseite: <strong><a href=\"https:\/\/www.feuerwehrverband-saarbruecken.de\/?p=1469\">www.Feuerwehrverband-Saarbruecken.de<\/a> <\/strong>heruntergeladen werden.<\/p>\n\n\n\n<p>Dies ist dann \u00fcber den L\u00f6schbezirksf\u00fchrer an den Wehrf\u00fchrer weiterzuleiten, der entscheidet und leitet es an den Verband weiter. Teilnahmegeb\u00fchr pro TN 20.- \u20ac. Selbstzahler m\u00f6glich, auch hier Anmeldung \u00fcber Anmeldeformular.<\/p>\n\n\n\n<p>Anmeldung \u00fcber E- Mail:<strong> info@feuerwehrverband-saarbruecken.de<\/strong> mit dem Anmeldeformular<\/p>\n\n\n\n<p>Es k\u00f6nnen maximal 15 Teilnehmer an dem Seminar teilnehmen.&nbsp;&nbsp; Weitere Termine auf Anfrage.<\/p>\n\n\n\n<p>Verteilung der Pl\u00e4tze erfolgt in der Reihenfolge der Eing\u00e4nge beim Verband. Es erfolgt eine schriftliche Einladung \u00fcber WF!<\/p>\n\n\n\n<p><\/p>\n\n\n\n<div class=\"wp-block-button aligncenter\"><a class=\"wp-block-button__link has-vivid-cyan-blue-color has-pale-pink-background-color has-text-color has-background\" href=\"https:\/\/www.feuerwehrverband-saarbruecken.de\/?page_id=1449\"><strong>zur\u00fcck zur \u00dcbersicht<\/strong><\/a><\/div>\n","protected":false},"excerpt":{"rendered":"<p>&nbsp;Hinweis: Es werden auch f\u00fcr die Truppf\u00fchrer-Ausbildung ein Erg\u00e4nzugslehrgang angeboten mit 7 Stunden zur Erf\u00fcllung der Vorgabe nach FwDV 2 Thema Feuerwehrtechnische&nbsp;Ausbildung EH Kosten pro TN 20.- \u20ac Das Anmeldeformular kann auf der Internetseite: www.Feuerwehrverband-Saarbruecken.de heruntergeladen werden. Dies ist dann \u00fcber den L\u00f6schbezirksf\u00fchrer an den Wehrf\u00fchrer weiterzuleiten, der entscheidet und leitet es an den Verband [&hellip;]<\/p>\n","protected":false},"author":2,"featured_media":1998,"parent":2131,"menu_order":0,"comment_status":"closed","ping_status":"closed","template":"","meta":{"_bbp_topic_count":0,"_bbp_reply_count":0,"_bbp_total_topic_count":0,"_bbp_total_reply_count":0,"_bbp_voice_count":0,"_bbp_anonymous_reply_count":0,"_bbp_topic_count_hidden":0,"_bbp_reply_count_hidden":0,"_bbp_forum_subforum_count":0,"footnotes":""},"class_list":["post-1460","page","type-page","status-publish","has-post-thumbnail","hentry"],"_links":{"self":[{"href":"https:\/\/www.feuerwehrverband-saarbruecken.de\/index.php?rest_route=\/wp\/v2\/pages\/1460","targetHints":{"allow":["GET"]}}],"collection":[{"href":"https:\/\/www.feuerwehrverband-saarbruecken.de\/index.php?rest_route=\/wp\/v2\/pages"}],"about":[{"href":"https:\/\/www.feuerwehrverband-saarbruecken.de\/index.php?rest_route=\/wp\/v2\/types\/page"}],"author":[{"embeddable":true,"href":"https:\/\/www.feuerwehrverband-saarbruecken.de\/index.php?rest_route=\/wp\/v2\/users\/2"}],"replies":[{"embeddable":true,"href":"https:\/\/www.feuerwehrverband-saarbruecken.de\/index.php?rest_route=%2Fwp%2Fv2%2Fcomments&post=1460"}],"version-history":[{"count":12,"href":"https:\/\/www.feuerwehrverband-saarbruecken.de\/index.php?rest_route=\/wp\/v2\/pages\/1460\/revisions"}],"predecessor-version":[{"id":6288,"href":"https:\/\/www.feuerwehrverband-saarbruecken.de\/index.php?rest_route=\/wp\/v2\/pages\/1460\/revisions\/6288"}],"up":[{"embeddable":true,"href":"https:\/\/www.feuerwehrverband-saarbruecken.de\/index.php?rest_route=\/wp\/v2\/pages\/2131"}],"wp:featuredmedia":[{"embeddable":true,"href":"https:\/\/www.feuerwehrverband-saarbruecken.de\/index.php?rest_route=\/wp\/v2\/media\/1998"}],"wp:attachment":[{"href":"https:\/\/www.feuerwehrverband-saarbruecken.de\/index.php?rest_route=%2Fwp%2Fv2%2Fmedia&parent=1460"}],"curies":[{"name":"wp","href":"https:\/\/api.w.org\/{rel}","templated":true}]}}