{"id":1449,"date":"2019-08-25T10:22:48","date_gmt":"2019-08-25T10:22:48","guid":{"rendered":"http:\/\/www.feuerwehrverband-saarbruecken.de\/?page_id=1449"},"modified":"2025-05-01T06:39:08","modified_gmt":"2025-05-01T04:39:08","slug":"ausbildungsuebersicht-fuer-die-gemeindewehrfuehrer","status":"publish","type":"page","link":"https:\/\/www.feuerwehrverband-saarbruecken.de\/?page_id=1449","title":{"rendered":"Ausbildungs\u00fcbersicht f\u00fcr die Gemeindewehrf\u00fchrer"},"content":{"rendered":"\n<p class=\"has-text-align-center has-text-color has-background\" style=\"background-color:#f12b19;color:#eee7e5;font-size:26px\">Hier finden Sie die \u00dcbersicht \u00fcber freie Pl\u00e4tze von Lehrg\u00e4ngen und Seminaren<\/p>\n\n\n\n<div class=\"wp-block-button aligncenter\"><a class=\"wp-block-button__link has-very-light-gray-color has-vivid-cyan-blue-background-color has-text-color has-background\" href=\"https:\/\/www.feuerwehrverband-saarbruecken.de\/?page_id=2002\" target=\"_blank\" rel=\"noreferrer noopener\"><strong>Freie Pl\u00e4tze beim T\u00fcr\u00f6ffnungsseminar<\/strong><\/a><\/div>\n\n\n\n<p><\/p>\n\n\n\n<div class=\"wp-block-button aligncenter\"><a class=\"wp-block-button__link has-text-color has-background\" href=\"https:\/\/www.feuerwehrverband-saarbruecken.de\/?page_id=1460\" style=\"background-color:#e9f41b;color:#f21616\" target=\"_blank\" rel=\"noreferrer noopener\"><strong>Freie Pl\u00e4tze f\u00fcr Erste Hilfe Lehrgang<\/strong><\/a><\/div>\n\n\n\n<p><\/p>\n\n\n\n<div class=\"wp-block-buttons is-layout-flex wp-block-buttons-is-layout-flex\">\n<div class=\"wp-block-button aligncenter\"><a class=\"wp-block-button__link has-black-color has-luminous-vivid-orange-background-color has-text-color has-background\" href=\"https:\/\/www.feuerwehrverband-saarbruecken.de\/?p=3404&amp;preview=true\" target=\"_blank\" rel=\"noreferrer noopener\">Freie Pl\u00e4tze beim Drehleiterausbildung<\/a><\/div>\n<\/div>\n\n\n\n<p><\/p>\n\n\n\n<div class=\"wp-block-button aligncenter\"><a class=\"wp-block-button__link has-vivid-red-color has-pale-pink-background-color has-text-color has-background\" href=\"https:\/\/www.feuerwehrverband-saarbruecken.de\"><strong>zur\u00fcck zur Startseite<\/strong><\/a><\/div>\n","protected":false},"excerpt":{"rendered":"<p>Hier finden Sie die \u00dcbersicht \u00fcber freie Pl\u00e4tze von Lehrg\u00e4ngen und Seminaren<\/p>\n","protected":false},"author":2,"featured_media":0,"parent":2131,"menu_order":0,"comment_status":"closed","ping_status":"closed","template":"","meta":{"_bbp_topic_count":0,"_bbp_reply_count":0,"_bbp_total_topic_count":0,"_bbp_total_reply_count":0,"_bbp_voice_count":0,"_bbp_anonymous_reply_count":0,"_bbp_topic_count_hidden":0,"_bbp_reply_count_hidden":0,"_bbp_forum_subforum_count":0,"footnotes":""},"class_list":["post-1449","page","type-page","status-publish","hentry"],"_links":{"self":[{"href":"https:\/\/www.feuerwehrverband-saarbruecken.de\/index.php?rest_route=\/wp\/v2\/pages\/1449","targetHints":{"allow":["GET"]}}],"collection":[{"href":"https:\/\/www.feuerwehrverband-saarbruecken.de\/index.php?rest_route=\/wp\/v2\/pages"}],"about":[{"href":"https:\/\/www.feuerwehrverband-saarbruecken.de\/index.php?rest_route=\/wp\/v2\/types\/page"}],"author":[{"embeddable":true,"href":"https:\/\/www.feuerwehrverband-saarbruecken.de\/index.php?rest_route=\/wp\/v2\/users\/2"}],"replies":[{"embeddable":true,"href":"https:\/\/www.feuerwehrverband-saarbruecken.de\/index.php?rest_route=%2Fwp%2Fv2%2Fcomments&post=1449"}],"version-history":[{"count":21,"href":"https:\/\/www.feuerwehrverband-saarbruecken.de\/index.php?rest_route=\/wp\/v2\/pages\/1449\/revisions"}],"predecessor-version":[{"id":6614,"href":"https:\/\/www.feuerwehrverband-saarbruecken.de\/index.php?rest_route=\/wp\/v2\/pages\/1449\/revisions\/6614"}],"up":[{"embeddable":true,"href":"https:\/\/www.feuerwehrverband-saarbruecken.de\/index.php?rest_route=\/wp\/v2\/pages\/2131"}],"wp:attachment":[{"href":"https:\/\/www.feuerwehrverband-saarbruecken.de\/index.php?rest_route=%2Fwp%2Fv2%2Fmedia&parent=1449"}],"curies":[{"name":"wp","href":"https:\/\/api.w.org\/{rel}","templated":true}]}}